{"id":34,"date":"2025-11-19T20:50:30","date_gmt":"2025-11-19T20:50:30","guid":{"rendered":"https:\/\/gabrielazago.com.br\/?page_id=34"},"modified":"2025-11-19T20:50:30","modified_gmt":"2025-11-19T20:50:30","slug":"apresentacao","status":"publish","type":"page","link":"https:\/\/gabrielazago.com.br\/","title":{"rendered":"Apresenta\u00e7\u00e3o"},"content":{"rendered":"\n<div style=\"height:var(--wp--preset--spacing--50)\" aria-hidden=\"true\" class=\"wp-block-spacer\"><\/div>\n\n\n\n<div class=\"wp-block-group alignwide has-global-padding is-layout-constrained wp-block-group-is-layout-constrained\">\n<h1 class=\"wp-block-heading alignwide has-xx-large-font-size\" style=\"line-height:1.2\">Sou Gabriela Zago, especializada em solu\u00e7\u00f5es que traduzem a sua ess\u00eancia ou da sua marca. Arquiteta e Urbanista h\u00e1 28 anos, com p\u00f3s em Design Industrial. Adoro atender e entender os clientes e seus objetivos, te ajudo com consultorias, projeto criativo, projeto    completo e gest\u00e3o de projetos.<\/h1>\n<\/div>\n\n\n\n<div class=\"wp-block-group alignfull has-global-padding is-layout-constrained wp-container-core-group-is-layout-b25ccd55 wp-block-group-is-layout-constrained\" style=\"margin-top:0;margin-bottom:0;padding-top:var(--wp--preset--spacing--50);padding-right:var(--wp--preset--spacing--50);padding-bottom:var(--wp--preset--spacing--50);padding-left:var(--wp--preset--spacing--50)\">\n<div class=\"wp-block-columns alignwide is-layout-flex wp-container-core-columns-is-layout-ff4b9c61 wp-block-columns-is-layout-flex\" style=\"margin-top:0;margin-bottom:0\">\n<div class=\"wp-block-column is-layout-flow wp-container-core-column-is-layout-8a368f38 wp-block-column-is-layout-flow\">\n<figure class=\"wp-block-image size-large is-style-rounded wp-duotone-duotone-1 is-style-rounded--1\"><img loading=\"lazy\" decoding=\"async\" width=\"1024\" height=\"576\" src=\"https:\/\/gabrielazago.com.br\/wp-content\/uploads\/2025\/11\/Recepcao-1024x576.png\" alt=\"\" class=\"wp-image-29\" style=\"aspect-ratio:4\/3;object-fit:contain\" srcset=\"https:\/\/gabrielazago.com.br\/wp-content\/uploads\/2025\/11\/Recepcao-1024x576.png 1024w, https:\/\/gabrielazago.com.br\/wp-content\/uploads\/2025\/11\/Recepcao-300x169.png 300w, https:\/\/gabrielazago.com.br\/wp-content\/uploads\/2025\/11\/Recepcao-768x432.png 768w, https:\/\/gabrielazago.com.br\/wp-content\/uploads\/2025\/11\/Recepcao-1536x865.png 1536w, https:\/\/gabrielazago.com.br\/wp-content\/uploads\/2025\/11\/Recepcao.png 1972w\" sizes=\"auto, (max-width: 1024px) 100vw, 1024px\" \/><\/figure>\n\n\n\n<div style=\"height:var(--wp--preset--spacing--50)\" aria-hidden=\"true\" class=\"wp-block-spacer\"><\/div>\n\n\n\n<figure class=\"wp-block-image size-large is-style-rounded is-style-rounded--2\"><img loading=\"lazy\" decoding=\"async\" width=\"768\" height=\"1024\" src=\"https:\/\/gabrielazago.com.br\/wp-content\/uploads\/2025\/11\/20230824_160719-768x1024.jpg\" alt=\"\" class=\"wp-image-45\" style=\"aspect-ratio:3\/4;object-fit:cover\" srcset=\"https:\/\/gabrielazago.com.br\/wp-content\/uploads\/2025\/11\/20230824_160719-768x1024.jpg 768w, https:\/\/gabrielazago.com.br\/wp-content\/uploads\/2025\/11\/20230824_160719-225x300.jpg 225w, https:\/\/gabrielazago.com.br\/wp-content\/uploads\/2025\/11\/20230824_160719-1152x1536.jpg 1152w, https:\/\/gabrielazago.com.br\/wp-content\/uploads\/2025\/11\/20230824_160719-1536x2048.jpg 1536w, https:\/\/gabrielazago.com.br\/wp-content\/uploads\/2025\/11\/20230824_160719-scaled.jpg 1920w\" sizes=\"auto, (max-width: 768px) 100vw, 768px\" \/><\/figure>\n\n\n\n<div style=\"height:var(--wp--preset--spacing--50)\" aria-hidden=\"true\" class=\"wp-block-spacer\"><\/div>\n\n\n\n<figure class=\"wp-block-image size-large is-style-rounded is-style-rounded--3\"><img loading=\"lazy\" decoding=\"async\" width=\"768\" height=\"1024\" src=\"https:\/\/gabrielazago.com.br\/wp-content\/uploads\/2025\/11\/20190313_091147-768x1024.jpg\" alt=\"\" class=\"wp-image-37\" style=\"aspect-ratio:3\/4;object-fit:cover\" srcset=\"https:\/\/gabrielazago.com.br\/wp-content\/uploads\/2025\/11\/20190313_091147-768x1024.jpg 768w, https:\/\/gabrielazago.com.br\/wp-content\/uploads\/2025\/11\/20190313_091147-225x300.jpg 225w, https:\/\/gabrielazago.com.br\/wp-content\/uploads\/2025\/11\/20190313_091147-1152x1536.jpg 1152w, https:\/\/gabrielazago.com.br\/wp-content\/uploads\/2025\/11\/20190313_091147-1536x2048.jpg 1536w, https:\/\/gabrielazago.com.br\/wp-content\/uploads\/2025\/11\/20190313_091147-scaled.jpg 1920w\" sizes=\"auto, (max-width: 768px) 100vw, 768px\" \/><\/figure>\n<\/div>\n\n\n\n<div class=\"wp-block-column is-layout-flow wp-container-core-column-is-layout-8a368f38 wp-block-column-is-layout-flow\">\n<div style=\"height:var(--wp--preset--spacing--50)\" aria-hidden=\"true\" class=\"wp-block-spacer\"><\/div>\n\n\n\n<figure class=\"wp-block-image size-large is-style-rounded is-style-rounded--4\"><img loading=\"lazy\" decoding=\"async\" width=\"768\" height=\"1024\" src=\"https:\/\/gabrielazago.com.br\/wp-content\/uploads\/2025\/11\/IMG-20220315-WA0010-768x1024.jpg\" alt=\"\" class=\"wp-image-24\" style=\"aspect-ratio:3\/4;object-fit:cover\" srcset=\"https:\/\/gabrielazago.com.br\/wp-content\/uploads\/2025\/11\/IMG-20220315-WA0010-768x1024.jpg 768w, https:\/\/gabrielazago.com.br\/wp-content\/uploads\/2025\/11\/IMG-20220315-WA0010-225x300.jpg 225w, https:\/\/gabrielazago.com.br\/wp-content\/uploads\/2025\/11\/IMG-20220315-WA0010-1152x1536.jpg 1152w, https:\/\/gabrielazago.com.br\/wp-content\/uploads\/2025\/11\/IMG-20220315-WA0010.jpg 1200w\" sizes=\"auto, (max-width: 768px) 100vw, 768px\" \/><\/figure>\n\n\n\n<div style=\"height:var(--wp--preset--spacing--50)\" aria-hidden=\"true\" class=\"wp-block-spacer\"><\/div>\n\n\n\n\n\n<div style=\"height:var(--wp--preset--spacing--50)\" aria-hidden=\"true\" class=\"wp-block-spacer\"><\/div>\n\n\n\n<figure class=\"wp-block-image size-large is-style-rounded is-style-rounded--6\"><img loading=\"lazy\" decoding=\"async\" width=\"666\" height=\"1024\" src=\"https:\/\/gabrielazago.com.br\/wp-content\/uploads\/2025\/11\/20190401_194646-666x1024.jpg\" alt=\"\" class=\"wp-image-38\" style=\"aspect-ratio:1;object-fit:cover\" srcset=\"https:\/\/gabrielazago.com.br\/wp-content\/uploads\/2025\/11\/20190401_194646-666x1024.jpg 666w, https:\/\/gabrielazago.com.br\/wp-content\/uploads\/2025\/11\/20190401_194646-195x300.jpg 195w, https:\/\/gabrielazago.com.br\/wp-content\/uploads\/2025\/11\/20190401_194646-768x1181.jpg 768w, https:\/\/gabrielazago.com.br\/wp-content\/uploads\/2025\/11\/20190401_194646-999x1536.jpg 999w, https:\/\/gabrielazago.com.br\/wp-content\/uploads\/2025\/11\/20190401_194646-1332x2048.jpg 1332w, https:\/\/gabrielazago.com.br\/wp-content\/uploads\/2025\/11\/20190401_194646-scaled.jpg 1665w\" sizes=\"auto, (max-width: 666px) 100vw, 666px\" \/><\/figure>\n<\/div>\n\n\n\n<div class=\"wp-block-column is-layout-flow wp-container-core-column-is-layout-8a368f38 wp-block-column-is-layout-flow\">\n<figure class=\"wp-block-image size-large is-style-rounded is-style-rounded--7\"><img loading=\"lazy\" decoding=\"async\" width=\"768\" height=\"1024\" src=\"https:\/\/gabrielazago.com.br\/wp-content\/uploads\/2025\/11\/20230824_154340-768x1024.jpg\" alt=\"\" class=\"wp-image-26\" style=\"aspect-ratio:3\/4;object-fit:cover\" srcset=\"https:\/\/gabrielazago.com.br\/wp-content\/uploads\/2025\/11\/20230824_154340-768x1024.jpg 768w, https:\/\/gabrielazago.com.br\/wp-content\/uploads\/2025\/11\/20230824_154340-225x300.jpg 225w, https:\/\/gabrielazago.com.br\/wp-content\/uploads\/2025\/11\/20230824_154340-1152x1536.jpg 1152w, https:\/\/gabrielazago.com.br\/wp-content\/uploads\/2025\/11\/20230824_154340-1536x2048.jpg 1536w, https:\/\/gabrielazago.com.br\/wp-content\/uploads\/2025\/11\/20230824_154340-scaled.jpg 1920w\" sizes=\"auto, (max-width: 768px) 100vw, 768px\" \/><\/figure>\n\n\n\n<div style=\"height:var(--wp--preset--spacing--50)\" aria-hidden=\"true\" class=\"wp-block-spacer\"><\/div>\n\n\n\n<figure class=\"wp-block-image size-large is-style-rounded is-style-rounded--8\"><img loading=\"lazy\" decoding=\"async\" width=\"768\" height=\"1024\" src=\"https:\/\/gabrielazago.com.br\/wp-content\/uploads\/2025\/11\/20230824_160747-768x1024.jpg\" alt=\"\" class=\"wp-image-46\" style=\"aspect-ratio:3\/4;object-fit:cover\" srcset=\"https:\/\/gabrielazago.com.br\/wp-content\/uploads\/2025\/11\/20230824_160747-768x1024.jpg 768w, https:\/\/gabrielazago.com.br\/wp-content\/uploads\/2025\/11\/20230824_160747-225x300.jpg 225w, https:\/\/gabrielazago.com.br\/wp-content\/uploads\/2025\/11\/20230824_160747-1152x1536.jpg 1152w, https:\/\/gabrielazago.com.br\/wp-content\/uploads\/2025\/11\/20230824_160747-1536x2048.jpg 1536w, https:\/\/gabrielazago.com.br\/wp-content\/uploads\/2025\/11\/20230824_160747-scaled.jpg 1920w\" sizes=\"auto, (max-width: 768px) 100vw, 768px\" \/><\/figure>\n\n\n\n<div style=\"height:var(--wp--preset--spacing--50)\" aria-hidden=\"true\" class=\"wp-block-spacer\"><\/div>\n\n\n\n<figure class=\"wp-block-image size-large is-style-rounded is-style-rounded--9\"><img loading=\"lazy\" decoding=\"async\" width=\"1024\" height=\"683\" src=\"https:\/\/gabrielazago.com.br\/wp-content\/uploads\/2025\/11\/Copilot_20251017_175842-1024x683.png\" alt=\"\" class=\"wp-image-42\" style=\"aspect-ratio:16\/9;object-fit:cover\" srcset=\"https:\/\/gabrielazago.com.br\/wp-content\/uploads\/2025\/11\/Copilot_20251017_175842-1024x683.png 1024w, https:\/\/gabrielazago.com.br\/wp-content\/uploads\/2025\/11\/Copilot_20251017_175842-300x200.png 300w, https:\/\/gabrielazago.com.br\/wp-content\/uploads\/2025\/11\/Copilot_20251017_175842-768x512.png 768w, https:\/\/gabrielazago.com.br\/wp-content\/uploads\/2025\/11\/Copilot_20251017_175842.png 1536w\" sizes=\"auto, (max-width: 1024px) 100vw, 1024px\" \/><\/figure>\n<\/div>\n\n\n\n<div class=\"wp-block-column is-layout-flow wp-container-core-column-is-layout-8a368f38 wp-block-column-is-layout-flow\">\n<div style=\"height:var(--wp--preset--spacing--50)\" aria-hidden=\"true\" class=\"wp-block-spacer\"><\/div>\n\n\n\n<figure class=\"wp-block-image size-large is-style-rounded is-style-rounded--10\"><img loading=\"lazy\" decoding=\"async\" width=\"768\" height=\"1024\" src=\"https:\/\/gabrielazago.com.br\/wp-content\/uploads\/2025\/11\/20230824_154444-768x1024.jpg\" alt=\"\" class=\"wp-image-25\" style=\"aspect-ratio:1;object-fit:cover\" srcset=\"https:\/\/gabrielazago.com.br\/wp-content\/uploads\/2025\/11\/20230824_154444-768x1024.jpg 768w, https:\/\/gabrielazago.com.br\/wp-content\/uploads\/2025\/11\/20230824_154444-225x300.jpg 225w, https:\/\/gabrielazago.com.br\/wp-content\/uploads\/2025\/11\/20230824_154444-1152x1536.jpg 1152w, https:\/\/gabrielazago.com.br\/wp-content\/uploads\/2025\/11\/20230824_154444-1536x2048.jpg 1536w, https:\/\/gabrielazago.com.br\/wp-content\/uploads\/2025\/11\/20230824_154444-scaled.jpg 1920w\" sizes=\"auto, (max-width: 768px) 100vw, 768px\" \/><\/figure>\n\n\n\n<div style=\"height:var(--wp--preset--spacing--50)\" aria-hidden=\"true\" class=\"wp-block-spacer\"><\/div>\n\n\n\n<figure class=\"wp-block-image size-large is-style-rounded is-style-rounded--11\"><img loading=\"lazy\" decoding=\"async\" width=\"1024\" height=\"852\" src=\"https:\/\/gabrielazago.com.br\/wp-content\/uploads\/2025\/11\/20220315_113646-nvo-1024x852.jpg\" alt=\"\" class=\"wp-image-39\" style=\"aspect-ratio:16\/9;object-fit:cover\" srcset=\"https:\/\/gabrielazago.com.br\/wp-content\/uploads\/2025\/11\/20220315_113646-nvo-1024x852.jpg 1024w, https:\/\/gabrielazago.com.br\/wp-content\/uploads\/2025\/11\/20220315_113646-nvo-300x250.jpg 300w, https:\/\/gabrielazago.com.br\/wp-content\/uploads\/2025\/11\/20220315_113646-nvo-768x639.jpg 768w, https:\/\/gabrielazago.com.br\/wp-content\/uploads\/2025\/11\/20220315_113646-nvo-1536x1277.jpg 1536w, https:\/\/gabrielazago.com.br\/wp-content\/uploads\/2025\/11\/20220315_113646-nvo-2048x1703.jpg 2048w\" sizes=\"auto, (max-width: 1024px) 100vw, 1024px\" \/><\/figure>\n\n\n\n<div style=\"height:var(--wp--preset--spacing--50)\" aria-hidden=\"true\" class=\"wp-block-spacer\"><\/div>\n\n\n<\/div>\n<\/div>\n<\/div>\n","protected":false},"excerpt":{"rendered":"<p>Sou Gabriela Zago, especializada em solu\u00e7\u00f5es que traduzem a sua ess\u00eancia ou da sua marca. Arquiteta e Urbanista h\u00e1 28 anos, com p\u00f3s em Design Industrial. Adoro atender e entender os clientes e seus objetivos, te ajudo com consultorias, projeto criativo, projeto completo e gest\u00e3o de projetos.<\/p>\n","protected":false},"author":1,"featured_media":0,"parent":0,"menu_order":0,"comment_status":"closed","ping_status":"closed","template":"","meta":{"footnotes":""},"class_list":["post-34","page","type-page","status-publish","hentry"],"_links":{"self":[{"href":"https:\/\/gabrielazago.com.br\/index.php\/wp-json\/wp\/v2\/pages\/34","targetHints":{"allow":["GET"]}}],"collection":[{"href":"https:\/\/gabrielazago.com.br\/index.php\/wp-json\/wp\/v2\/pages"}],"about":[{"href":"https:\/\/gabrielazago.com.br\/index.php\/wp-json\/wp\/v2\/types\/page"}],"author":[{"embeddable":true,"href":"https:\/\/gabrielazago.com.br\/index.php\/wp-json\/wp\/v2\/users\/1"}],"replies":[{"embeddable":true,"href":"https:\/\/gabrielazago.com.br\/index.php\/wp-json\/wp\/v2\/comments?post=34"}],"version-history":[{"count":1,"href":"https:\/\/gabrielazago.com.br\/index.php\/wp-json\/wp\/v2\/pages\/34\/revisions"}],"predecessor-version":[{"id":47,"href":"https:\/\/gabrielazago.com.br\/index.php\/wp-json\/wp\/v2\/pages\/34\/revisions\/47"}],"wp:attachment":[{"href":"https:\/\/gabrielazago.com.br\/index.php\/wp-json\/wp\/v2\/media?parent=34"}],"curies":[{"name":"wp","href":"https:\/\/api.w.org\/{rel}","templated":true}]}}